{"id":13,"date":"2014-07-24T23:34:45","date_gmt":"2014-07-24T21:34:45","guid":{"rendered":"http:\/\/industrieklettern.wien\/?page_id=13"},"modified":"2018-03-19T22:37:37","modified_gmt":"2018-03-19T20:37:37","slug":"test3","status":"publish","type":"page","link":"https:\/\/industrieklettern.wien\/","title":{"rendered":"Startseite"},"content":{"rendered":"<div id=\"x-content-band-1\" class=\"x-content-band center-text bg-image man\" style=\"background-image: url(wp-content\/uploads\/2014\/08\/Titel1.jpg); background-color: transparent;\"><div class=\"x-container-fluid max width\">\n<hr  class=\"x-gap\" style=\"margin: 250px 0 0 0;\">\n<h1  class=\"h-custom-headline h-resp mtn h1\" style=\"color: #fff; font-weight:bold;\"><span><mark  class=\"x-highlight dark\" >Profis am Seil<\/mark><\/span><\/h1>\n<hr  class=\"x-gap\" style=\"margin: 50px 0 0 0;\">\n<div  class=\"x-column two-thirds\" style=\"\" data-fade=\"true\" data-fade-animation=\"in\">\n<blockquote  class=\"x-blockquote center-text\" style=\"background-color:#ffffff;\">\nWir sind <mark  class=\"x-highlight\" >Spezialisten<\/mark> f\u00fcr die <mark  class=\"x-highlight\" >Durchf\u00fchrung ger\u00fcstfreier Arbeiten<\/mark>, etwa an Fassaden, Sch\u00e4chten, Schornsteinen, T\u00fcrmen oder Masten. Wir finden Zugang zu ansonsten nur schwer zug\u00e4nglichen Orten.<br \/>\nReparatur-, Wartungsarbeiten oder Montagen k\u00f6nnen schnell und kosteng\u00fcnstig durchgef\u00fchrt werden, ohne langwierigen und kostspieligen Aufbau eines Ger\u00fcsts. Der Vorteil liegt in der <mark  class=\"x-highlight\" >hohen Flexibilit\u00e4t<\/mark> und der <mark  class=\"x-highlight\" >Kostenersparnis<\/mark>.<br \/>\n<cite class=\"x-cite\">Baumeister Josef Goltschman<\/cite><\/blockquote>\n<\/div>\n<div  class=\"x-column one-third last\" style=\"\" data-fade=\"true\" data-fade-animation=\"in\">\n<hr  class=\"x-gap\" style=\"margin: 50px 0 0 0;\">\n    <a  class=\"x-btn mbn x-btn-rounded x-btn-jumbo\"  href=\"#\" title=\"Industrieklettern\"  data-toggle=\"popover\" data-placement=\"top\" data-trigger=\"hover\" data-content=\"Industrieklettern ist eine seilunterst\u00fctzte Zugangstechnik und erlaubt das Arbeiten an Fassaden oder anderen schwer zug\u00e4nglichen Stellen. Die Industriekletterei wurde in den 70er Jahren in Gro\u00dfbritannien entwickelt und hat sich mittlerweile als Branche etabliert. Das Industrieklettern (auch H\u00f6henarbeit, Gewerbeklettern, Fassadenklettern oder Industriebergsteigen genannt) ist dabei eine attraktive Alternative zu konventionellen Zugangsverfahren wie Bauger\u00fcste.\"  data-options=\"thumbnail: ''\"><i  class=\"x-icon x-icon-question-circle\" ><\/i>Industrieklettern<\/a>\n <\/div><hr class=\"x-clear\">\n<\/div><\/div>\n<div id=\"x-content-band-2\" class=\"x-content-band center-text man\" style=\"background-color: transparent; padding-top: 25px; padding-bottom: 40px;\"><div class=\"x-container-fluid max width\">\n<h2  class=\"h-custom-headline h-resp mvm center-text h2\" ><span>\n<div style=\"text-shadow: 1px 1px white;\">Leistungen<\/div>\n<\/span><\/h2>\n  <div  class=\"x-column one-third\" style=\" right: -3000px;\" data-fade=\"true\" data-fade-animation=\"in-from-right\">\n    <img decoding=\"async\"  class=\"x-img man\"  src=\"wp-content\/uploads\/2015\/05\/Montage.jpg\" alt=\"Montagearbeiten\">\n    <h3  class=\"h-custom-headline mtm h4\" ><span>Montagearbeiten<\/span><\/h3>\n<p class=\"mbn\" style=\"text-shadow: 1px 1px white;\">Montage von Fenstern, Sonnenschutz, Be- und Entl\u00fcftungsanlagen, Kaminen, Beleuchtungen, Solar- und Photovoltaikanlagen, Werbemitteln, Montage von Ger\u00fcsten u.v.m.<\/p>\n<p>  <\/div>\n  <div  class=\"x-visibility x-visible-phone\" >\n    <hr  class=\"x-gap\" style=\"margin: 40px 0 0 0;\">\n  <\/div>\n  <div  class=\"x-column one-third\" style=\" right: -2000px;\" data-fade=\"true\" data-fade-animation=\"in-from-right\">\n    <img decoding=\"async\"  class=\"x-img man\"  src=\"wp-content\/uploads\/2014\/08\/Reparatur.jpg\" alt=\"Reparaturarbeiten\">\n    <h3  class=\"h-custom-headline mtm h4\" ><span>Reparaturarbeiten<\/span><\/h3>\n<p class=\"mbn\" style=\"text-shadow: 1px 1px white;\">Entfernen absturzgef\u00e4hrdeter Geb\u00e4udeteile, Restaurationsarbeiten, Fassadenreparatur, Instandsetzung von D\u00e4chern, Ausbesserung von Abdichtungen, Fugensanierungen, Erneuerung von Ablaufrohren, u.v.m.<\/p>\n<p>  <\/div>\n  <div  class=\"x-visibility x-visible-phone\" >\n    <hr  class=\"x-gap\" style=\"margin: 40px 0 0 0;\">\n  <\/div>\n  <div  class=\"x-column one-third last\" style=\" right: -1000px;\" data-fade=\"true\" data-fade-animation=\"in-from-right\">\n    <img decoding=\"async\"  class=\"x-img man\"  src=\"wp-content\/uploads\/2016\/06\/Logo_SV-1.gif\" alt=\"Schadensdokumentation\">\n    <h3  class=\"h-custom-headline mtm h4\" ><span>Schadensdokumentation &#038; Sachverst\u00e4ndigent\u00e4tigkeit<\/span><\/h3>\n<p class=\"mbn\" style=\"text-shadow: 1px 1px white;\">Schadensdokumentation mit Fotodokumentation an schwer zug\u00e4nglichen Geb\u00e4udeteilen sowie Erstellung von Baugutachten durch <a href=\"http:\/\/www.goltschman.at\" target=\"_blank\">Bausachverst\u00e4ndigen Josef Goltschman<\/a><\/p>\n<p>  <\/div><hr class=\"x-clear\">\n<div  class=\"x-column one-third\" style=\" left: -2000px;\" data-fade=\"true\" data-fade-animation=\"in-from-left\">\n    <img decoding=\"async\"  class=\"x-img man\"  src=\"wp-content\/uploads\/2014\/08\/Wartung.jpg\" alt=\"Wartungsarbeiten\">\n    <h3  class=\"h-custom-headline mtm h4\" ><span>Wartungsarbeiten<\/span><\/h3>\n<p class=\"mbn\" style=\"text-shadow: 1px 1px white;\">Durchf\u00fchrung von Wartungen an diversen Bauteilen, Anbringen von Korrosionsschutz, Holzschutzarbeiten, Erneuerung von Geb\u00e4udetrennfugen, Erneuerung von Anstrichen\/Lackierungen aller Art, u.v.m.<\/p>\n<p>  <\/div>\n  <div  class=\"x-visibility x-visible-phone\" >\n    <hr  class=\"x-gap\" style=\"margin: 40px 0 0 0;\">\n  <\/div>\n  <div  class=\"x-column one-third\" style=\" left: -3000px;\" data-fade=\"true\" data-fade-animation=\"in-from-left\">\n    <img decoding=\"async\"  class=\"x-img man\"  src=\"wp-content\/uploads\/2014\/08\/Reinigung.jpg\" alt=\"Reinigungsarbeiten\">\n    <h3  class=\"h-custom-headline mtm h4\" ><span>Reinigungsarbeiten<\/span><\/h3>\n<p class=\"mbn\" style=\"text-shadow: 1px 1px white;\">Durchf\u00fchrung von Spezialreinigungen von schwer zug\u00e4nglichen Stellen wie D\u00e4chern, Fassaden, Industrieanlagen, Sch\u00e4chte, Dachrinnen, Solaranlagen, Beh\u00e4ltern, Silos, uvm.<\/p>\n<p>  <\/div>\n  <div  class=\"x-visibility x-visible-phone\" >\n    <hr  class=\"x-gap\" style=\"margin: 40px 0 0 0;\">\n  <\/div>\n<div  class=\"x-column one-third last\" style=\" left: -1000px;\" data-fade=\"true\" data-fade-animation=\"in-from-left\">\n    <img decoding=\"async\"  class=\"x-img man\"  src=\"wp-content\/uploads\/2014\/08\/Schaden.jpg\" alt=\"Servicedienstleistungen\">\n    <h3  class=\"h-custom-headline mtm h4\" ><span>Servicedienstleistungen<\/span><\/h3>\n<p class=\"mbn\" style=\"text-shadow: 1px 1px white;\">Hilfestellung bei Montagen, Vertrieb und Montagen von Absturzsicherungen, Schulung von Mitarbeitern<\/p>\n<p>  <\/div><hr class=\"x-clear\">\n<\/div><\/div>\n<div id=\"x-content-band-3\" class=\"x-content-band center-text man\" style=\"background-color: #BDE4FF; padding-top: 40px; padding-bottom: 40px;\"><div class=\"x-container-fluid max width\">\n<h2  class=\"h-custom-headline h-resp mvm center-text h2\" ><span>Vorteile<\/span><\/h2>\n<div  class=\"x-column one-third\" style=\" left: -1000px;\" data-fade=\"true\" data-fade-animation=\"in-from-left\">\n    <div  class=\"x-promo\" style=\"text-align: left;\"><div class=\"x-promo-image-wrap\"><img decoding=\"async\" src=\"wp-content\/uploads\/2014\/08\/Kosten.jpg\" alt=\"Kosteng\u00fcnstig\"\/><\/div><div class=\"x-promo-content\">\n    <h3  class=\"h-feature-headline man h5\" style=\"text-align: left;\"><span><i class=\"x-icon-money\"><\/i>Kosteng\u00fcnstig<\/span><\/h3>\n    Geringer technischer Aufwand im Vergleich zum Aufbau eines Bauger\u00fcsts erm\u00f6glichen eine deutliche Kostenreduktion gegen\u00fcber konventionellen Zugangsarten.<br \/>\n    <\/div><\/div>\n  <\/div>\n<div  class=\"x-column one-third\" style=\" left: -1000px;\" data-fade=\"true\" data-fade-animation=\"in-from-left\">\n    <div  class=\"x-promo\" style=\"text-align: left;\"><div class=\"x-promo-image-wrap\"><img decoding=\"async\" src=\"wp-content\/uploads\/2014\/08\/Flexibel.jpg\" alt=\"Effizient und Hochflexibel\"\/><\/div><div class=\"x-promo-content\">\n    <h3  class=\"h-feature-headline man h5\" style=\"text-align: left;\"><span><i class=\"x-icon-clock-o\"><\/i>Effizient und Hochflexibel<\/span><\/h3>\n    Eins\u00e4tze k\u00f6nnen kurzfristig und variabel geplant werden. Es wird keine lange Vorbereitungszeit wie beim Ger\u00fcstbau ben\u00f6tigt &#8211; der Arbeitsplatz kann einfach und schnell errichtet werden. Der t\u00e4gliche Betrieb wird in nur geringem Umfang beeintr\u00e4chtigt.<br \/>\n<\/div><\/div>\n  <\/div>\n<div  class=\"x-column one-third\" style=\" left: -1000px;\" data-fade=\"true\" data-fade-animation=\"in-from-left\">\n    <div  class=\"x-promo\" style=\"text-align: left;\"><div class=\"x-promo-image-wrap\"><img decoding=\"async\" src=\"wp-content\/uploads\/2014\/08\/Schnell.jpg\" alt=\"Schneller Zugang\"\/><\/div><div class=\"x-promo-content\">\n    <h3  class=\"h-feature-headline man h5\" style=\"text-align: left;\"><span><i class=\"x-icon-building-o\"><\/i>Schneller Zugang<\/span><\/h3>\n   Bisher schwer zug\u00e4ngliche Orte k\u00f6nnen einfach erreicht werden. Es sind keine Ver\u00e4nderungen am Bauwerk n\u00f6tig und Bodensch\u00e4den durch schweres Ger\u00e4t werden vermieden. Auch das Umfeld wird kaum beeintr\u00e4chtigt, da keine gro\u00dfen Fl\u00e4chen f\u00fcr Ger\u00fcste ben\u00f6tigt werden.<br \/>\n<\/div><\/div>\n  <\/div>\n<\/div><\/div>\n<div id=\"x-content-band-4\" class=\"x-content-band bg-image border-top border-left border-right border-bottom\" style=\"background-image: url(wp-content\/uploads\/2014\/07\/background.jpg); background-color: #647da7; color: #333;\"><div class=\"x-container-fluid max width\">\n<a  class=\"x-img x-img-link x-img-thumbnail\"  href=\"mailto:office@goltschman.com\" title=\"Pers\u00f6nliche  Betreuung\"  data-toggle=\"popover\" data-placement=\"top\" data-trigger=\"hover\" data-content=\"Baumeister Josef Goltschman k\u00fcmmert sich pers\u00f6nlich um Ihr Anliegen!\"  data-options=\"thumbnail: 'wp-content\/uploads\/2016\/06\/neu.jpg'\"><img decoding=\"async\" src=\"wp-content\/uploads\/2016\/06\/neu.jpg\" alt=\"Baumeister Josef Goltschman k\u00fcmmert sich pers\u00f6nlich um Ihr Anliegen!\"><\/a>\n<div  class=\"x-callout center-text\" ><h2 class=\"h-callout\">Kontakt<\/h2><p class=\"p-callout\">Wir sind Profis am Seil und erstellen Ihnen kurzfristig ein ma\u00dfgeschneidertes Angebot f\u00fcr Ihre Situation.<br \/>\nKontaktieren Sie uns unter +43-1-2928799 \/ +43-664-5001643 oder via Email f\u00fcr weitere Informationen:<\/p><div class=\"x-btn-circle-wrap mbn\"><a href=\"mailto:office@goltschman.com\" class=\"x-btn x-btn-x-large\" title=\"Kontaktieren Sie uns\" ><i class=\"x-icon-envelope-o\"><\/i>Kontaktieren Sie uns<\/a><\/div><\/div>\n<img decoding=\"async\"  class=\"x-img x-img-thumbnail\"  src=\"wp-content\/uploads\/2016\/06\/IMG_0032.jpg\" >\n<\/div><\/div>\n<div  class=\"x-map\" style=\"height:450px; margin:0px;\"><div class=\"x-map-inner\">\n<iframe src=\"https:\/\/www.google.com\/maps\/embed?pb=!1m18!1m12!1m3!1d2812.809996388567!2d16.41729699999969!3d48.293980022553136!2m3!1f0!2f0!3f0!3m2!1i1024!2i768!4f13.1!3m3!1m2!1s0x476d05b05cf1dfb9%3A0x27fd9464a4c5b235!2sBaumeister+Goltschman!5e1!3m2!1sde!2s!4v1406280007854\" marginheight=\"0\" marginwidth=\"0\" scrolling=\"no\" frameborder=\"0\" style=\"border:0; max-height:450px;\"><\/iframe><\/div><\/div>\n","protected":false},"excerpt":{"rendered":"Profis am Seil Wir sind Spezialisten f\u00fcr die Durchf\u00fchrung ger\u00fcstfreier Arbeiten, etwa an Fassaden, Sch\u00e4chten, Schornsteinen, T\u00fcrmen oder Masten. Wir finden Zugang zu ansonsten nur schwer zug\u00e4nglichen Orten. Reparatur-, Wartungsarbeiten oder Montagen k\u00f6nnen schnell und kosteng\u00fcnstig durchgef\u00fchrt werden, ohne langwierigen und kostspieligen Aufbau eines Ger\u00fcsts. Der Vorteil liegt in der hohen Flexibilit\u00e4t und der Kostenersparnis. Baumeister Josef Goltschman Industrieklettern Leistungen ... <a href=\"https:\/\/industrieklettern.wien\/\" class=\"more-link\">Read More<\/a>","protected":false},"author":1,"featured_media":0,"parent":0,"menu_order":0,"comment_status":"closed","ping_status":"open","template":"template-blank-4.php","meta":{"footnotes":""},"class_list":["post-13","page","type-page","status-publish","hentry","no-post-thumbnail"],"_links":{"self":[{"href":"https:\/\/industrieklettern.wien\/index.php?rest_route=\/wp\/v2\/pages\/13","targetHints":{"allow":["GET"]}}],"collection":[{"href":"https:\/\/industrieklettern.wien\/index.php?rest_route=\/wp\/v2\/pages"}],"about":[{"href":"https:\/\/industrieklettern.wien\/index.php?rest_route=\/wp\/v2\/types\/page"}],"author":[{"embeddable":true,"href":"https:\/\/industrieklettern.wien\/index.php?rest_route=\/wp\/v2\/users\/1"}],"replies":[{"embeddable":true,"href":"https:\/\/industrieklettern.wien\/index.php?rest_route=%2Fwp%2Fv2%2Fcomments&post=13"}],"version-history":[{"count":131,"href":"https:\/\/industrieklettern.wien\/index.php?rest_route=\/wp\/v2\/pages\/13\/revisions"}],"predecessor-version":[{"id":177,"href":"https:\/\/industrieklettern.wien\/index.php?rest_route=\/wp\/v2\/pages\/13\/revisions\/177"}],"wp:attachment":[{"href":"https:\/\/industrieklettern.wien\/index.php?rest_route=%2Fwp%2Fv2%2Fmedia&parent=13"}],"curies":[{"name":"wp","href":"https:\/\/api.w.org\/{rel}","templated":true}]}}